
{"id":25,"date":"2025-09-18T21:23:31","date_gmt":"2025-09-18T21:23:31","guid":{"rendered":"http:\/\/friends.new.queerbase.at\/?page_id=25"},"modified":"2025-11-27T12:44:53","modified_gmt":"2025-11-27T10:44:53","slug":"what-we-do","status":"publish","type":"page","link":"https:\/\/friends.new.queerbase.at\/de\/what-we-do\/","title":{"rendered":"Was wir tun"},"content":{"rendered":"\n<ul class=\"wp-block-list\">\n<li>Queer Base offers all-round advice <strong>on legal issues, coming out, accommodation, violence prevention and preventative medicine.&nbsp;<\/strong><\/li>\n\n\n\n<li>Queer Base works together with various asylum and healthcare facilities in Vienna to provide specific support and assistance to LGBTIQ refugees. These include the <strong>AKH Wien<\/strong> [Vienna General Hospital] (psychiatry, trans clinic), <strong>Hemayat<\/strong> (therapy), <strong>Diakonie<\/strong> <strong>Lares, Tralalobe, Volkshilfe, Samariterbund and Caritas<\/strong> (accommodation), <strong>AIDS-Hilfe Wien<\/strong> [Vienna AIDS Assistance] (preventative medicine)<\/li>\n\n\n\n<li>Queer Base provides <strong>lectures and training<\/strong> opportunities for those who work or volunteer with asylum seekers<\/li>\n\n\n\n<li>Queer Base organises <strong>leisure activities<\/strong>, swimming courses, <strong>German clases<\/strong>, a buddy programme, a drawing and painting course, basketball training&nbsp;<\/li>\n<\/ul>\n\n\n\n<ul class=\"wp-block-list\">\n<li>Queer Base networks LGBTIQ with foreign languages or who can interpret in order to meet specific <strong>translation\/interpretation needs<\/strong><\/li>\n\n\n\n<li>Queer Base provides spaces for intersectional approaches to notions like <strong>sexualities, gender, discrimination, stigma and arrival in Austria<\/strong><\/li>\n<\/ul>\n\n\n<\/div>\n<\/div>\n<\/div>\n\n<div class=\"container page-block --second\">\n    <div class=\"page-block__inner page-content text-content\">\n        <div class=\"post-content-inner\">\n\n\n<h1 class=\"wp-block-heading\">Need Help?<\/h1>\n\n\n\n<p>Wirst du aufgrund deiner Sexualit\u00e4t oder deiner Geschlechtsidentit\u00e4t in deinem Herkunftsland verfolgt oder diskriminiert?&nbsp;<a href=\"http:\/\/queerbase.at\/?lang=de\">Weitere Infos\u2026<\/a><\/p>\n\n\n\n<p class=\"has-text-align-right\">\u0627\u0630\u0627 \u0643\u0646\u062a \u0645\u0644\u0627\u062d\u0642 \u0627\u0648 \u062a\u0645\u062a \u0645\u062d\u0627\u0643\u0645\u062a\u0643 \u0627\u0648 \u062a\u0645 \u062a\u0645\u064a\u064a\u0632\u0643 \u0641\u064a \u0628\u0644\u062f\u0643 \u0628\u0633\u0633\u0628 \u0645\u064a\u0648\u0644\u0643 \u0627\u0644\u062c\u0646\u0633\u064a\u0629(\u0627\u0644\u0645\u062a\u062d\u0648\u0644\u0627\u062a \u0648 \u0627\u0644\u0645\u062a\u062d\u0648\u0644\u064a\u0646 \u062c\u0646\u0633\u064a\u0627 \u0648 \u0645\u0632\u062f\u0648\u062c\u064a \u0627\u0644\u0623\u0639\u0636\u0627\u0621 \u0627\u0644\u062a\u0646\u0627\u0633\u0644\u064a\u0629\/ \u062b\u0646\u0627\u0626\u064a \u0627\u0644\u062c\u0646\u0633) \u0627\u062a\u0635\u0644 \u0628\u0646\u0627 \u0646\u062d\u0646 \u0647\u0646\u0627 \u0644\u0645\u0633\u0627\u0639\u062f\u062a\u0643<br><a href=\"http:\/\/queerbase.at\/?lang=ar\">\u0644\u0645\u0639\u0644\u0648\u0645\u0627\u062a \u0627\u0636\u0627\u0641\u064a\u0629<\/a><\/p>\n\n\n\n<p>Faites-vous l\u2019objet de poursuite ou de discrimination dans votre pays d\u2019origine \u00e0 cause de votre sexualit\u00e9 ou de votre identit\u00e9 de genre?&nbsp;<a href=\"http:\/\/queerbase.at\/?lang=fr\">Plus d\u2019infos\u2026<\/a><\/p>\n\n\n\n<p class=\"has-text-align-right\">\u0622\u06cc\u0627 \u0628\u0647 \u062f\u0644\u06cc\u0644 \u06af\u0631\u0627\u06cc\u0634 \u062c\u0646\u0633\u06cc \u06cc\u0627 \u0647\u0648\u06cc\u062a \u062c\u0646\u0633\u06cc\u062a\u0627\u0646 \u062f\u0631 \u0648\u0637\u0646 \u062e\u0648\u062f \u0645\u0648\u0631\u062f \u062a\u0639\u0642\u06cc\u0628 \u0642\u0627\u0646\u0648\u0646\u06cc \u06cc\u0627 \u062a\u0628\u0639\u06cc\u0636 \u0648\u0627\u0642\u0639 \u0634\u062f\u0647 \u0627\u06cc\u062f\u061f<br><a href=\"http:\/\/queerbase.at\/?lang=fa\">\u0628\u0631\u0627\u06cc \u0627\u0637\u0644\u0627\u0639\u0627\u062a \u0628\u06cc\u0634\u062a\u0631<\/a><\/p>\n\n\n\n<p>Are you persecuted in your country of origin or discriminated against because of your sexuality or gender identity?&nbsp;<a href=\"http:\/\/queerbase.at\/\">More Infos\u2026<\/a><\/p>\n\n\n\n<p>Cinselli\u011fin yada cisiyet kimli\u011finden dolay\u0131 \u00fclkende ayr\u0131mc\u0131l\u0131k g\u00f6rd\u00fcn m\u00fc, yada bundan dolay\u0131 takibata u\u011frad\u0131n m\u0131?&nbsp;<a href=\"http:\/\/queerbase.at\/?lang=tr\">Link:<\/a><\/p>\n\n\n\n<p>Tu li welat\u00ea xwe ji ber ber\u00eaxweday\u00eena zayend\u00ee yan j\u00ee nasname xwe ya zayend\u00ee, t\u00ea \u015fopandin \u00fb dijmint\u00eey\u00ea dij\u00ee?&nbsp;<a href=\"http:\/\/queerbase.at\/?lang=ku\">Link:<\/a><\/p>\n\n\n\n<p>\u0411\u044b\u043b\u0438 \u043b\u0438 \u0412\u044b \u043f\u043e\u0434\u0432\u0435\u0440\u0433\u043d\u0443\u0442\u044b \u0432 \u0412\u0430\u0448\u0435\u0439 \u0441\u0442\u0440\u0430\u043d\u0435 \u043f\u0440\u043e\u0438\u0441\u0445\u043e\u0436\u0434\u0435\u043d\u0438\u044f \u0444\u0438\u0437\u0438\u0447\u0435\u0441\u043a\u043e\u043c\u0443 \u0438\u043b\u0438 \u043f\u0441\u0438\u0445\u043e\u043b\u043e\u0433\u0438\u0447\u0435\u0441\u043a\u043e\u043c\u0443 \u043d\u0430\u0441\u0438\u043b\u0438\u044e \u0438\u043b\u0438 \u0434\u0438\u0441\u043a\u0440\u0438\u043c\u0438\u043d\u0430\u0446\u0438\u0438 \u0438\u0437-\u0437\u0430 \u0432\u0430\u0448\u0435\u0439 \u0441\u0435\u043a\u0441\u0443\u0430\u043b\u044c\u043d\u043e\u0439 \u043e\u0440\u0438\u0435\u043d\u0442\u0430\u0446\u0438\u0438 \u0438\u043b\u0438 \u0432\u0430\u0448\u0435\u0439 \u0433\u0435\u043d\u0434\u0435\u0440\u043d\u043e\u0439 \u0438\u0434\u0435\u043d\u0442\u0438\u0447\u043d\u043e\u0441\u0442\u0438?&nbsp;<a href=\"http:\/\/queerbase.at\/?lang=ru\">Link:<\/a><\/p>\n","protected":false},"excerpt":{"rendered":"<p>Queer Base offers all-round advice on legal issues, coming out, accommodation, violence prevention and preventative medicine.&nbsp; Queer Base works together with various asylum and healthcare facilities in Vienna to provide specific support and assistance to LGBTIQ refugees. These include the AKH Wien [Vienna General Hospital] (psychiatry, trans clinic), Hemayat (therapy), Diakonie Lares, Tralalobe, Volkshilfe, Samariterbund&#8230;<\/p>\n","protected":false},"author":1,"featured_media":27,"parent":0,"menu_order":0,"comment_status":"closed","ping_status":"closed","template":"","meta":{"_acf_changed":false,"footnotes":""},"class_list":["post-25","page","type-page","status-publish","has-post-thumbnail","hentry"],"acf":[],"_links":{"self":[{"href":"https:\/\/friends.new.queerbase.at\/de\/wp-json\/wp\/v2\/pages\/25","targetHints":{"allow":["GET"]}}],"collection":[{"href":"https:\/\/friends.new.queerbase.at\/de\/wp-json\/wp\/v2\/pages"}],"about":[{"href":"https:\/\/friends.new.queerbase.at\/de\/wp-json\/wp\/v2\/types\/page"}],"author":[{"embeddable":true,"href":"https:\/\/friends.new.queerbase.at\/de\/wp-json\/wp\/v2\/users\/1"}],"replies":[{"embeddable":true,"href":"https:\/\/friends.new.queerbase.at\/de\/wp-json\/wp\/v2\/comments?post=25"}],"version-history":[{"count":7,"href":"https:\/\/friends.new.queerbase.at\/de\/wp-json\/wp\/v2\/pages\/25\/revisions"}],"predecessor-version":[{"id":301,"href":"https:\/\/friends.new.queerbase.at\/de\/wp-json\/wp\/v2\/pages\/25\/revisions\/301"}],"wp:featuredmedia":[{"embeddable":true,"href":"https:\/\/friends.new.queerbase.at\/de\/wp-json\/wp\/v2\/media\/27"}],"wp:attachment":[{"href":"https:\/\/friends.new.queerbase.at\/de\/wp-json\/wp\/v2\/media?parent=25"}],"curies":[{"name":"wp","href":"https:\/\/api.w.org\/{rel}","templated":true}]}}