
{"id":184,"date":"2025-09-24T21:33:37","date_gmt":"2025-09-24T19:33:37","guid":{"rendered":"http:\/\/friends.new.queerbase.at\/project\/who-supports-us\/"},"modified":"2025-11-27T14:30:40","modified_gmt":"2025-11-27T12:30:40","slug":"who-supports-us","status":"publish","type":"page","link":"https:\/\/friends.new.queerbase.at\/de\/who-supports-us\/","title":{"rendered":"Wer uns unterst\u00fctzt"},"content":{"rendered":"<p>Wir sind dankbar f\u00fcr jede Art von Unterst\u00fctzung, kleine und gro\u00dfe Spenden, wir sch\u00e4tzen die Unterst\u00fctzung der Stadtverwaltung, der Ehrenamtlichen, der Kollegen im Asylsystem, all der Institutionen, die unsere Arbeit sch\u00e4tzen und uns mit Preisen auszeichnen.<\/p>\n\n\n\n<h2 class=\"wp-block-heading\">Preise<\/h2>\n\n\n\n<ul class=\"wp-block-list\">\n<li><span class=\"b\">Bruno Kreisky Preis f\u00fcr Menschenrechtsverteidiger<\/span> 2017<\/li>\n\n\n\n<li>Dr. Alexander Friedmann Preis 2017<\/li>\n\n\n\n<li>MigAward 2018<\/li>\n\n\n\n<li>Pride Biz Spezial Preis 2021<\/li>\n\n\n\n<li>Ute-Bock-Preis f\u00fcr Zivilcourage 2023<\/li>\n<\/ul>\n\n\n\n<p>&nbsp;<\/p>\n\n\n\n<h2 class=\"wp-block-heading\">Subventionen<\/h2>\n\n\n    <div class=\"sponsors-list\">\n                    <a href=\"http:\/\/friends.queerbase.at\/wp-content\/uploads\/2017\/12\/O_P_logo_FSW_4c.png\" target=\"_blank\">\n                <img decoding=\"async\" src=\"https:\/\/friends.new.queerbase.at\/wp-content\/uploads\/sites\/2\/2025\/09\/subs-300x70.png\" alt=\"\">\n            <\/a>\n            <\/div>\n\n<style>\n    .sponsors-list {\n        padding: 40px;\n        background: #fff;\n        border-radius: 30px;\n        display: flex;\n        flex-wrap: wrap;\n        gap: 50px;\n        margin-top: 15px;\n    }\n\n    .sponsors-list a {\n        display: block;\n        max-width: 180px;\n        max-height: 80px;\n        text-align: center;\n    }\n\n    .sponsors-list img {\n        max-width: 100%;\n        max-height: 100%;\n    }\n\n    @media screen and (max-width: 768px) {\n        .sponsors-list {\n            \/* gap: 30px; *\/\n            padding: 20px;\n            \/* justify-content: center; *\/\n        }\n\n        .sponsors-list a {\n            max-width: 80px;\n            max-height: 60px;\n        }\n        \n    }\n<\/style>\n\n\n<p><\/p>\n\n\n\n<h2 class=\"wp-block-heading\">Kooperationen<\/h2>\n\n\n    <div class=\"sponsors-list\">\n                    <a href=\"https:\/\/fluechtlingsdienst.diakonie.at\/\" target=\"_blank\">\n                <img decoding=\"async\" src=\"https:\/\/friends.new.queerbase.at\/wp-content\/uploads\/sites\/2\/2025\/09\/diakonie_fd_logo-300x90-1.png\" alt=\"\">\n            <\/a>\n                    <a href=\"http:\/\/www.tralalobe.at\/\" target=\"_blank\">\n                <img decoding=\"async\" src=\"https:\/\/friends.new.queerbase.at\/wp-content\/uploads\/sites\/2\/2025\/09\/tralalobe-300x104-1.png\" alt=\"\">\n            <\/a>\n                    <a href=\"https:\/\/www.volkshilfe.at\/\" target=\"_blank\">\n                <img decoding=\"async\" src=\"https:\/\/friends.new.queerbase.at\/wp-content\/uploads\/sites\/2\/2025\/09\/BILDSCHIRM-VH-LOGO-4c-SOLO.jpg-300x61-1.jpg\" alt=\"\">\n            <\/a>\n                    <a href=\"https:\/\/wien.samariterbund.net\/\" target=\"_blank\">\n                <img decoding=\"async\" src=\"https:\/\/friends.new.queerbase.at\/wp-content\/uploads\/sites\/2\/2025\/11\/Logo_ASBO.svg\" alt=\"\">\n            <\/a>\n                    <a href=\"https:\/\/tafel-oesterreich.at\" target=\"_blank\">\n                <img decoding=\"async\" src=\"https:\/\/friends.new.queerbase.at\/wp-content\/uploads\/sites\/2\/2025\/11\/DTOe_Logo_grau-300x63.png\" alt=\"\">\n            <\/a>\n                    <a href=\"https:\/\/www.freshfields.com\/de\" target=\"_blank\">\n                <img decoding=\"async\" src=\"https:\/\/friends.new.queerbase.at\/wp-content\/uploads\/sites\/2\/2025\/11\/Media-Center-Freshfields-300x37.png\" alt=\"\">\n            <\/a>\n            <\/div>\n\n<style>\n    .sponsors-list {\n        padding: 40px;\n        background: #fff;\n        border-radius: 30px;\n        display: flex;\n        flex-wrap: wrap;\n        gap: 50px;\n        margin-top: 15px;\n    }\n\n    .sponsors-list a {\n        display: block;\n        max-width: 180px;\n        max-height: 80px;\n        text-align: center;\n    }\n\n    .sponsors-list img {\n        max-width: 100%;\n        max-height: 100%;\n    }\n\n    @media screen and (max-width: 768px) {\n        .sponsors-list {\n            \/* gap: 30px; *\/\n            padding: 20px;\n            \/* justify-content: center; *\/\n        }\n\n        .sponsors-list a {\n            max-width: 80px;\n            max-height: 60px;\n        }\n        \n    }\n<\/style>\n\n\n<p>&nbsp;<\/p>\n\n\n\n<h2 class=\"wp-block-heading\">F\u00f6rderer<\/h2>\n\n\n    <div class=\"sponsors-list\">\n                    <a href=\"https:\/\/www.drei.at\/de\/ueber-uns\/unternehmen\/3hilft\/\" target=\"_blank\">\n                <img decoding=\"async\" src=\"https:\/\/friends.new.queerbase.at\/wp-content\/uploads\/sites\/2\/2025\/09\/3Hilft.png\" alt=\"\">\n            <\/a>\n            <\/div>\n\n<style>\n    .sponsors-list {\n        padding: 40px;\n        background: #fff;\n        border-radius: 30px;\n        display: flex;\n        flex-wrap: wrap;\n        gap: 50px;\n        margin-top: 15px;\n    }\n\n    .sponsors-list a {\n        display: block;\n        max-width: 180px;\n        max-height: 80px;\n        text-align: center;\n    }\n\n    .sponsors-list img {\n        max-width: 100%;\n        max-height: 100%;\n    }\n\n    @media screen and (max-width: 768px) {\n        .sponsors-list {\n            \/* gap: 30px; *\/\n            padding: 20px;\n            \/* justify-content: center; *\/\n        }\n\n        .sponsors-list a {\n            max-width: 80px;\n            max-height: 60px;\n        }\n        \n    }\n<\/style>\n\n\n<p>&nbsp;<\/p>\n\n\n\n<h2 class=\"wp-block-heading\">Gemeinschaft<\/h2>\n\n\n    <div class=\"sponsors-list\">\n                    <a href=\"https:\/\/afrorainbow.at\/\" target=\"_blank\">\n                <img decoding=\"async\" src=\"https:\/\/friends.new.queerbase.at\/wp-content\/uploads\/sites\/2\/2025\/09\/ARAlogo-300x225-1.jpg\" alt=\"\">\n            <\/a>\n                    <a href=\"http:\/\/orqoa.at\/\" target=\"_blank\">\n                <img decoding=\"async\" src=\"https:\/\/friends.new.queerbase.at\/wp-content\/uploads\/sites\/2\/2025\/09\/ORQOA-300x106-1.png\" alt=\"\">\n            <\/a>\n                    <a href=\"http:\/\/transx.at\/\" target=\"_blank\">\n                <img decoding=\"async\" src=\"https:\/\/friends.new.queerbase.at\/wp-content\/uploads\/sites\/2\/2025\/09\/Logo_Tx_ZweFa.jpg\" alt=\"\">\n            <\/a>\n                    <a href=\"http:\/\/dievilla.at\/\" target=\"_blank\">\n                <img decoding=\"async\" src=\"https:\/\/friends.new.queerbase.at\/wp-content\/uploads\/sites\/2\/2025\/09\/dieVilla.png\" alt=\"\">\n            <\/a>\n            <\/div>\n\n<style>\n    .sponsors-list {\n        padding: 40px;\n        background: #fff;\n        border-radius: 30px;\n        display: flex;\n        flex-wrap: wrap;\n        gap: 50px;\n        margin-top: 15px;\n    }\n\n    .sponsors-list a {\n        display: block;\n        max-width: 180px;\n        max-height: 80px;\n        text-align: center;\n    }\n\n    .sponsors-list img {\n        max-width: 100%;\n        max-height: 100%;\n    }\n\n    @media screen and (max-width: 768px) {\n        .sponsors-list {\n            \/* gap: 30px; *\/\n            padding: 20px;\n            \/* justify-content: center; *\/\n        }\n\n        .sponsors-list a {\n            max-width: 80px;\n            max-height: 60px;\n        }\n        \n    }\n<\/style>\n\n\n<p>&nbsp; <\/p>\n\n\n\n<h2 class=\"wp-block-heading\">Spender<\/h2>\n\n\n    <div class=\"sponsors-list\">\n                    <a href=\"https:\/\/www.waterdrop.de\" target=\"_blank\">\n                <img decoding=\"async\" src=\"https:\/\/friends.new.queerbase.at\/wp-content\/uploads\/sites\/2\/2025\/11\/waterdrop-logo-2025.svg\" alt=\"\">\n            <\/a>\n            <\/div>\n\n<style>\n    .sponsors-list {\n        padding: 40px;\n        background: #fff;\n        border-radius: 30px;\n        display: flex;\n        flex-wrap: wrap;\n        gap: 50px;\n        margin-top: 15px;\n    }\n\n    .sponsors-list a {\n        display: block;\n        max-width: 180px;\n        max-height: 80px;\n        text-align: center;\n    }\n\n    .sponsors-list img {\n        max-width: 100%;\n        max-height: 100%;\n    }\n\n    @media screen and (max-width: 768px) {\n        .sponsors-list {\n            \/* gap: 30px; *\/\n            padding: 20px;\n            \/* justify-content: center; *\/\n        }\n\n        .sponsors-list a {\n            max-width: 80px;\n            max-height: 60px;\n        }\n        \n    }\n<\/style>\n\n\n<p><\/p>\n\n\n\n<p><\/p>\n\n\n\n<h3 class=\"wp-block-heading\"><strong>Danke an alle, die uns mit kleineren oder gr\u00f6\u00dferen Spenden unterst\u00fctzen<\/strong><\/h3>\n\n\n\n<p><strong><br><\/strong><\/p>\n\n\n\n<p><\/p>","protected":false},"excerpt":{"rendered":"<p>We are thankful for every kind of support, smaller and big donations, we appreciate the support of the city council, the volunteers, the collegues within asylum system, all the institutions that appreciate our work and honor us with prizes. Prizes Bruno Kreisky Preis for Human Rights Defenders 2017 Dr. Alexander Friedmann Prize 2017 MigAward 2018&#8230;<\/p>","protected":false},"author":1,"featured_media":0,"parent":0,"menu_order":0,"comment_status":"open","ping_status":"open","template":"","meta":{"_acf_changed":false,"footnotes":""},"class_list":["post-184","page","type-page","status-publish","hentry"],"acf":[],"_links":{"self":[{"href":"https:\/\/friends.new.queerbase.at\/de\/wp-json\/wp\/v2\/pages\/184","targetHints":{"allow":["GET"]}}],"collection":[{"href":"https:\/\/friends.new.queerbase.at\/de\/wp-json\/wp\/v2\/pages"}],"about":[{"href":"https:\/\/friends.new.queerbase.at\/de\/wp-json\/wp\/v2\/types\/page"}],"author":[{"embeddable":true,"href":"https:\/\/friends.new.queerbase.at\/de\/wp-json\/wp\/v2\/users\/1"}],"replies":[{"embeddable":true,"href":"https:\/\/friends.new.queerbase.at\/de\/wp-json\/wp\/v2\/comments?post=184"}],"version-history":[{"count":20,"href":"https:\/\/friends.new.queerbase.at\/de\/wp-json\/wp\/v2\/pages\/184\/revisions"}],"predecessor-version":[{"id":310,"href":"https:\/\/friends.new.queerbase.at\/de\/wp-json\/wp\/v2\/pages\/184\/revisions\/310"}],"wp:attachment":[{"href":"https:\/\/friends.new.queerbase.at\/de\/wp-json\/wp\/v2\/media?parent=184"}],"curies":[{"name":"wp","href":"https:\/\/api.w.org\/{rel}","templated":true}]}}